{"id":5316,"date":"2024-04-03T11:58:58","date_gmt":"2024-04-03T10:58:58","guid":{"rendered":"https:\/\/fckl.de\/?page_id=5316"},"modified":"2024-11-01T15:48:16","modified_gmt":"2024-11-01T14:48:16","slug":"auszeichnungen","status":"publish","type":"page","link":"https:\/\/fckl.de\/?page_id=5316","title":{"rendered":"Auszeichnungen"},"content":{"rendered":"\n<p>Folgende Auszeichnungen haben wir schon erhalten:<\/p>\n\n\n\n<p>beim Vereinswettbewerb des FOB (<a href=\"https:\/\/fotokreisoberschwabenbodensee.com\/\">https:\/\/fotokreisoberschwabenbodensee.com\/<\/a>):<\/p>\n\n\n\n<p>FOB 2024: 2. Platz<br>FOB 2023: 1. Platz<br>FOB 2021: 1. Platz<br>FOB 2019: Austragender Verein<br>FOB 2018: 1. Platz<br>FOB 2017: 1. Platz<br><\/p>\n\n\n\n<p><br>Einzelergebnisse beim FOB:<br>FOB 2024:<br>3. Platz: Wolfgang G\u00f6rtz<br><br>FOB 2021:<br>1. Platz: <br><br>FOB 2018: <br>1. Platz Anton Pf\u00e4nder<br>3. Platz Stefan Ammermann<br><br>FOB 2017:<br>1. Platz: Alwin St\u00fctzenberger<br>3. Platz: Anton Pf\u00e4nder<\/p>\n\n\n\n<p>Auszeichnungen beim DVF:<br>3. Platz Clubwertung bei der 62. Landesfotomeisterschaft Baden-W\u00fcrttemberg<br>Vizemeister beim LaFo BaW\u00fc 2022: Anton Pf\u00e4nder<\/p>\n\n\n\n<p>Unsere Bilder im DVF:<\/p>\n\n\n\nngg_shortcode_0_placeholder\n\n\n\n<p><br><\/p>\n\n\n\n<p><\/p>\n\n\n\n<p><\/p>\n","protected":false},"excerpt":{"rendered":"<p>Folgende Auszeichnungen haben wir schon erhalten: beim Vereinswettbewerb des FOB (https:\/\/fotokreisoberschwabenbodensee.com\/): FOB 2024: 2. PlatzFOB 2023: 1. PlatzFOB 2021: 1. PlatzFOB 2019: Austragender VereinFOB 2018: 1. PlatzFOB 2017: 1. Platz&hellip;<\/p>\n","protected":false},"author":1,"featured_media":0,"parent":0,"menu_order":0,"comment_status":"closed","ping_status":"closed","template":"","meta":{"_eb_attr":"","ngg_post_thumbnail":0,"footnotes":""},"class_list":["post-5316","page","type-page","status-publish","hentry"],"_links":{"self":[{"href":"https:\/\/fckl.de\/index.php?rest_route=\/wp\/v2\/pages\/5316","targetHints":{"allow":["GET"]}}],"collection":[{"href":"https:\/\/fckl.de\/index.php?rest_route=\/wp\/v2\/pages"}],"about":[{"href":"https:\/\/fckl.de\/index.php?rest_route=\/wp\/v2\/types\/page"}],"author":[{"embeddable":true,"href":"https:\/\/fckl.de\/index.php?rest_route=\/wp\/v2\/users\/1"}],"replies":[{"embeddable":true,"href":"https:\/\/fckl.de\/index.php?rest_route=%2Fwp%2Fv2%2Fcomments&post=5316"}],"version-history":[{"count":4,"href":"https:\/\/fckl.de\/index.php?rest_route=\/wp\/v2\/pages\/5316\/revisions"}],"predecessor-version":[{"id":5984,"href":"https:\/\/fckl.de\/index.php?rest_route=\/wp\/v2\/pages\/5316\/revisions\/5984"}],"wp:attachment":[{"href":"https:\/\/fckl.de\/index.php?rest_route=%2Fwp%2Fv2%2Fmedia&parent=5316"}],"curies":[{"name":"wp","href":"https:\/\/api.w.org\/{rel}","templated":true}]}}