{"id":4488,"date":"2022-11-13T19:36:30","date_gmt":"2022-11-13T18:36:30","guid":{"rendered":"https:\/\/fckl.de\/?page_id=4488"},"modified":"2022-11-13T19:36:33","modified_gmt":"2022-11-13T18:36:33","slug":"terra","status":"publish","type":"page","link":"https:\/\/fckl.de\/?page_id=4488","title":{"rendered":"TERRA"},"content":{"rendered":"\n<figure class=\"wp-block-image size-large\"><img loading=\"lazy\" decoding=\"async\" width=\"723\" height=\"1024\" src=\"https:\/\/fckl.de\/wp-content\/uploads\/2022\/11\/MiMa-2022-Mail-723x1024.jpg\" alt=\"\" class=\"wp-image-4485\" srcset=\"https:\/\/fckl.de\/wp-content\/uploads\/2022\/11\/MiMa-2022-Mail-723x1024.jpg 723w, https:\/\/fckl.de\/wp-content\/uploads\/2022\/11\/MiMa-2022-Mail-212x300.jpg 212w, https:\/\/fckl.de\/wp-content\/uploads\/2022\/11\/MiMa-2022-Mail-768x1087.jpg 768w, https:\/\/fckl.de\/wp-content\/uploads\/2022\/11\/MiMa-2022-Mail-1085x1536.jpg 1085w, https:\/\/fckl.de\/wp-content\/uploads\/2022\/11\/MiMa-2022-Mail-1447x2048.jpg 1447w, https:\/\/fckl.de\/wp-content\/uploads\/2022\/11\/MiMa-2022-Mail.jpg 1772w\" sizes=\"auto, (max-width: 723px) 100vw, 723px\" \/><\/figure>\n\n\n\n<p>F\u00fcnf Jahre reiste Michael Martin mit der Kamera um die Welt und fotografierte in der Arktis, im Himalaya, in den Anden, im S\u00fcd<br>pazifik, in Arabien, im Amazonasbecken, in den Savannen Ostafrikas sowie in der Taiga Sibiriens und den Steppen Zentralasiens.<br>So entstanden zehn Gesichter der Erde, welche neben faszinierenden Landschaften auch Tiere, Pflanzen und Kulturen in allen<br>Klimazonen unserer Erde vorstellen. Michael Martin besch\u00e4ftigte sich neben den weltweiten, abenteuerlichen Reisen aber auch mit der Geschichte der Erde, die vor 4,5 Milliarden Jahren im Chaos entstand und sich zu einem Planeten voller Leben und Vielfalt entwickelte. Er macht deutlich, dass die Erde in der Bl\u00fcte ihrer Entwicklung stand, als der Mensch vor 180 000 Jahren die B\u00fchne des Lebens betrat und begann, sie zu gestalten und inzwischen auch zu zerst\u00f6ren. Michael Martins neue Multivision TERRA zeichnet das ganz gro\u00dfe Bild der Erde, sie ist eine Verneigung vor der Sch\u00f6nheit der Natur und dem Wunder des Lebens.<br><\/p>\n\n\n\n<p>ZUR PERSON<br>Michael Martin ist Fotograf, Vortragsreferent, Abenteurer und DiplomGeograf. Seit 40 Jahren bereist er die Welt und berichtet dar\u00fcber in Vortr\u00e4gen, B\u00fcchern und Fernsehfilmen. Zun\u00e4chst war er in allen W\u00fcsten der Erde unterwegs, dann in Arktis und Antarktis und erreichte sowohl den Nordpol als auch den S\u00fcdpol. Im Jahre 2017 begann er mit den weltweiten Reisen f\u00fcr sein bislang gr\u00f6\u00dftes Projekt, einem Portrait des Planeten Erde. Es tr\u00e4gt den Namen TERRA. Michael Martin ver\u00f6ffentlichte 30 Bildb\u00e4nde und B\u00fccher, die in neun Sprachen \u00fcbersetzt wurden, hielt \u00fcber 2 000 Vortr\u00e4ge und produzierte viele TVDokumentationen. Seine Werke wurden mit zahlreichen nationalen und internationalen Preisen ausgezeichnet.<\/p>\n","protected":false},"excerpt":{"rendered":"<p>F\u00fcnf Jahre reiste Michael Martin mit der Kamera um die Welt und fotografierte in der Arktis, im Himalaya, in den Anden, im S\u00fcdpazifik, in Arabien, im Amazonasbecken, in den Savannen&hellip;<\/p>\n","protected":false},"author":1,"featured_media":0,"parent":0,"menu_order":0,"comment_status":"closed","ping_status":"closed","template":"","meta":{"_eb_attr":"","ngg_post_thumbnail":0,"footnotes":""},"class_list":["post-4488","page","type-page","status-publish","hentry"],"_links":{"self":[{"href":"https:\/\/fckl.de\/index.php?rest_route=\/wp\/v2\/pages\/4488","targetHints":{"allow":["GET"]}}],"collection":[{"href":"https:\/\/fckl.de\/index.php?rest_route=\/wp\/v2\/pages"}],"about":[{"href":"https:\/\/fckl.de\/index.php?rest_route=\/wp\/v2\/types\/page"}],"author":[{"embeddable":true,"href":"https:\/\/fckl.de\/index.php?rest_route=\/wp\/v2\/users\/1"}],"replies":[{"embeddable":true,"href":"https:\/\/fckl.de\/index.php?rest_route=%2Fwp%2Fv2%2Fcomments&post=4488"}],"version-history":[{"count":1,"href":"https:\/\/fckl.de\/index.php?rest_route=\/wp\/v2\/pages\/4488\/revisions"}],"predecessor-version":[{"id":4489,"href":"https:\/\/fckl.de\/index.php?rest_route=\/wp\/v2\/pages\/4488\/revisions\/4489"}],"wp:attachment":[{"href":"https:\/\/fckl.de\/index.php?rest_route=%2Fwp%2Fv2%2Fmedia&parent=4488"}],"curies":[{"name":"wp","href":"https:\/\/api.w.org\/{rel}","templated":true}]}}