{"id":269,"date":"2020-05-28T17:52:09","date_gmt":"2020-05-28T17:52:09","guid":{"rendered":"http:\/\/fckl.de\/?page_id=269"},"modified":"2025-11-23T19:25:14","modified_gmt":"2025-11-23T18:25:14","slug":"vortraege","status":"publish","type":"page","link":"https:\/\/fckl.de\/?page_id=269","title":{"rendered":"Vortr\u00e4ge"},"content":{"rendered":"\n<figure class=\"wp-block-image size-full\"><img loading=\"lazy\" decoding=\"async\" width=\"1000\" height=\"750\" src=\"https:\/\/fckl.de\/wp-content\/uploads\/2025\/11\/Plakattableau-Vortraege-2025_FCKL.jpg\" alt=\"\" class=\"wp-image-8253\" srcset=\"https:\/\/fckl.de\/wp-content\/uploads\/2025\/11\/Plakattableau-Vortraege-2025_FCKL.jpg 1000w, https:\/\/fckl.de\/wp-content\/uploads\/2025\/11\/Plakattableau-Vortraege-2025_FCKL-300x225.jpg 300w, https:\/\/fckl.de\/wp-content\/uploads\/2025\/11\/Plakattableau-Vortraege-2025_FCKL-768x576.jpg 768w\" sizes=\"auto, (max-width: 1000px) 100vw, 1000px\" \/><\/figure>\n\n\n\n<p><br><strong>Freitag, 07.11.2025 &#8211; Dirk und Aneta Bleyer &#8211; S\u00fcdafrika<\/strong><\/p>\n\n\n<div class=\"wp-block-image\">\n<figure class=\"aligncenter size-large is-resized\"><img loading=\"lazy\" decoding=\"async\" width=\"730\" height=\"1024\" src=\"https:\/\/fckl.de\/wp-content\/uploads\/2025\/10\/Suedafrika-Plakat-2025-730x1024.jpg\" alt=\"\" class=\"wp-image-7854\" style=\"width:160px;height:auto\"\/><\/figure>\n<\/div>\n\n\n<p>Erneut besuchen uns Aneta und Dirk Bleyer. In diesem Jahr nehmen Sie uns mit auf eine atemberaubende Fotosafari nach S\u00fcdafrika.  <br><a href=\"https:\/\/fckl.de\/?p=7853\" data-type=\"link\" data-id=\"https:\/\/fckl.de\/?p=7853\">Mehr dazu<\/a><\/p>\n\n\n\n<p class=\"has-text-align-left\"><br><br><br><strong>Freitag, 08.11.2024 &#8211; Dirk und Aneta Bleyer &#8211; Australien<\/strong><\/p>\n\n\n\n<p class=\"has-text-align-center\"><br><img loading=\"lazy\" decoding=\"async\" width=\"150\" height=\"212\" class=\"wp-image-5742\" style=\"width: 150px;\" src=\"https:\/\/fckl.de\/wp-content\/uploads\/2024\/09\/Plakat_Uluru_Leutkirch-2024-Vorschlag.jpg\" alt=\"\" srcset=\"https:\/\/fckl.de\/wp-content\/uploads\/2024\/09\/Plakat_Uluru_Leutkirch-2024-Vorschlag.jpg 1675w, https:\/\/fckl.de\/wp-content\/uploads\/2024\/09\/Plakat_Uluru_Leutkirch-2024-Vorschlag-213x300.jpg 213w, https:\/\/fckl.de\/wp-content\/uploads\/2024\/09\/Plakat_Uluru_Leutkirch-2024-Vorschlag-726x1024.jpg 726w, https:\/\/fckl.de\/wp-content\/uploads\/2024\/09\/Plakat_Uluru_Leutkirch-2024-Vorschlag-768x1083.jpg 768w, https:\/\/fckl.de\/wp-content\/uploads\/2024\/09\/Plakat_Uluru_Leutkirch-2024-Vorschlag-1089x1536.jpg 1089w, https:\/\/fckl.de\/wp-content\/uploads\/2024\/09\/Plakat_Uluru_Leutkirch-2024-Vorschlag-1452x2048.jpg 1452w\" sizes=\"auto, (max-width: 150px) 100vw, 150px\" \/><\/p>\n\n\n\n<p>1 Jahr Freiheit erleben mit dem Gel\u00e4ndewagen kreuz und quer durch Australien. Spannend erz\u00e4hlt durch die beiden Referenten, die auch die Ureinwohner Australiens \u201ezu Wort kommen\u201c lie\u00dfen. Klasse Bilder in beeindruckender Qualit\u00e4t. Ein Vortrag ganz besonders f\u00fcr Freunde der Fotokunst und ebenso f\u00fcr Offroadfans.<br><\/p>\n\n\n\n<p><strong>Freitag, 03.11.2023 &#8211; Dirk Rohrbach &#8211; Amerikas Westk\u00fcste<\/strong><\/p>\n\n\n\n<p>Reise ohne Hektik. Eine 3.000 km lange Radtour entlang der amerikanischen Westk\u00fcste. Unterhaltsam erz\u00e4hlt und gl\u00e4nzend in Szene gesetzt. Ein Highlight nicht nur f\u00fcr Radwanderer.<br><br><\/p>\n\n\n\n<p><strong>Freitag 21. Oktober 2022 &#8211; Michael Martin &#8211; TERRA<\/strong><\/p>\n\n\n<div class=\"wp-block-image\">\n<figure class=\"aligncenter size-large is-resized\"><img loading=\"lazy\" decoding=\"async\" width=\"723\" height=\"1024\" src=\"https:\/\/fckl.de\/wp-content\/uploads\/2022\/11\/MiMa-2022-Mail-723x1024.jpg\" alt=\"\" class=\"wp-image-4485\" style=\"width:200px;height:283px\" srcset=\"https:\/\/fckl.de\/wp-content\/uploads\/2022\/11\/MiMa-2022-Mail-723x1024.jpg 723w, https:\/\/fckl.de\/wp-content\/uploads\/2022\/11\/MiMa-2022-Mail-212x300.jpg 212w, https:\/\/fckl.de\/wp-content\/uploads\/2022\/11\/MiMa-2022-Mail-768x1087.jpg 768w, https:\/\/fckl.de\/wp-content\/uploads\/2022\/11\/MiMa-2022-Mail-1085x1536.jpg 1085w, https:\/\/fckl.de\/wp-content\/uploads\/2022\/11\/MiMa-2022-Mail-1447x2048.jpg 1447w, https:\/\/fckl.de\/wp-content\/uploads\/2022\/11\/MiMa-2022-Mail.jpg 1772w\" sizes=\"auto, (max-width: 723px) 100vw, 723px\" \/><\/figure>\n<\/div>\n\n\n<p>Als Premiere hier in der Region und nun schon zum vierten mal in Leutkirch zeigt Michael<br>Martin sein neues Projekt \u201eTERRA\u201c bei uns in der Festhalle. Selbst seine XXL-Version des<br>Vortrages mit 2 \u00bd Stunden L\u00e4nge und rund 1.400 Bildern konnte das Publikum in der<br>endlich wieder sehr gut gef\u00fcllten Festhalle nicht \u201e\u00fcberlasten\u201c. Eine faszinierende Flut von<br>Bildern und Informationen in gewohnter Qualit\u00e4t.<\/p>\n\n\n\n<p><a href=\"https:\/\/fckl.de\/?page_id=4488\" data-type=\"page\" data-id=\"4488\">Mehr dazu<\/a><\/p>\n\n\n\n<p><strong>Freitag 22. Oktober 2021 &#8211; Norbert Rosing &#8222;USA &#8211; The West<\/strong><\/p>\n\n\n<div class=\"wp-block-image\">\n<figure class=\"aligncenter size-medium\"><img decoding=\"async\" src=\"https:\/\/fckl.de\/wp-content\/uploads\/2021\/10\/USA-Mailing-212x300.jpg\" alt=\"\" class=\"wp-image-2970\"\/><\/figure>\n<\/div>\n\n\n<p>Nach einer Coronaunterbrechung 2020 endlich wieder ein Vortrag im Oktober 2021. Ein weiterer Besuch von Mister Polar Bear, Norbert Rosing in der Festhalle. <\/p>\n\n\n\n<p><a href=\"https:\/\/fckl.de\/?p=3114\" data-type=\"post\" data-id=\"3114\">Mehr dazu<\/a><\/p>\n\n\n\n<p><strong>Freitag 08. November 2019 &#8211; Stefan Forster \u201cIm Reich der Lichter\u201d<\/strong><\/p>\n\n\n<div class=\"wp-block-image\">\n<figure class=\"aligncenter size-large\"><img decoding=\"async\" src=\"http:\/\/fckl.de\/wp-content\/uploads\/2020\/05\/Plakat-1_01.jpg\" alt=\"\" class=\"wp-image-119\"\/><\/figure>\n<\/div>\n\n\n<p>ein erkl\u00e4rter Licht-Junkie zeigt uns Island, Norwegen und Gr\u00f6nland im wahrsten Sinne des Wortes in bestem Licht. Einfach nur beeindruckend.<\/p>\n\n\n\n<p><a href=\"http:\/\/fckl.de\/?p=185\">Mehr dazu<\/a><\/p>\n\n\n\n<p><\/p>\n\n\n\n<p><\/p>\n\n\n\n<p><\/p>\n\n\n\n<p><strong>Freitag 09. November 2018 &#8211; Stephan Schulz \u201cS\u00fcd-Afrika\u201d&nbsp; in 3D<\/strong><\/p>\n\n\n<div class=\"wp-block-image\">\n<figure class=\"aligncenter size-large\"><img decoding=\"async\" src=\"http:\/\/fckl.de\/wp-content\/uploads\/2020\/05\/Flyer-fckl.jpg\" alt=\"\" class=\"wp-image-71\"\/><\/figure>\n<\/div>\n\n\n<p>mit dem Zweiten sieht man besser \u2026 ein Vortrag erstmals in 3D. Ein spannender Vortrag \u00fcber den S\u00fcden Afrikas, der auch soziale Themen mit aufgegriffen hat. Tolle Eindr\u00fccke spannend erz\u00e4hlt.<\/p>\n\n\n\n<figure class=\"wp-block-image size-large\"><img decoding=\"async\" src=\"http:\/\/fckl.de\/wp-content\/uploads\/2020\/05\/SZ-12.11.jpg\" alt=\"\" class=\"wp-image-148\"\/><\/figure>\n\n\n\n<figure class=\"wp-block-image size-large\"><img decoding=\"async\" src=\"http:\/\/fckl.de\/wp-content\/uploads\/2020\/05\/SZ-12.11_1.jpg\" alt=\"\" class=\"wp-image-149\"\/><\/figure>\n\n\n\n<p><\/p>\n\n\n\n<!--nextpage-->\n\n\n\n<p><\/p>\n\n\n\n<p><strong>Freitag 10. November 2017 &#8211; Gereon R\u00f6mer&nbsp; \u201cSchottland\u201d<\/strong><\/p>\n\n\n<div class=\"wp-block-image\">\n<figure class=\"aligncenter size-large\"><img decoding=\"async\" src=\"http:\/\/fckl.de\/wp-content\/uploads\/2020\/05\/Schottland_Plakat_A1_ganz-klein-FCKL_01_1.jpg\" alt=\"\" class=\"wp-image-136\"\/><\/figure>\n<\/div>\n\n\n<p>Gereon R\u00f6mer mit einem etwas anderen Blickwinkel auf Schottland. Scottish way of life, sehr unterhaltsam pr\u00e4sentiert mit Bildern voll magischer Sch\u00f6nheit<\/p>\n\n\n\n<figure class=\"wp-block-image size-large\"><img decoding=\"async\" src=\"http:\/\/fckl.de\/wp-content\/uploads\/2020\/05\/FotoclubSchottlandNachbericht1.jpg\" alt=\"\" class=\"wp-image-88\"\/><\/figure>\n\n\n\n<figure class=\"wp-block-image size-large\"><img decoding=\"async\" src=\"http:\/\/fckl.de\/wp-content\/uploads\/2020\/05\/FotoclubSchottlandNachbericht2.jpg\" alt=\"\" class=\"wp-image-89\"\/><\/figure>\n\n\n\n<figure class=\"wp-block-gallery has-nested-images columns-default is-cropped wp-block-gallery-1 is-layout-flex wp-block-gallery-is-layout-flex\">\n<figure class=\"wp-block-image size-large\"><img decoding=\"async\" data-id=\"124\" src=\"https:\/\/fckl.de\/wp-content\/uploads\/2020\/05\/Plant-for-the-planet-Sch-lergruppe_01.jpg\" alt=\"\" class=\"wp-image-124\"\/><figcaption class=\"wp-element-caption\">Sch\u00fclergruppe die sich f\u00fcr das Projekt &#8222;Plant for the Planet&#8220; engagieren<\/figcaption><\/figure>\n\n\n\n<figure class=\"wp-block-image size-large\"><img decoding=\"async\" data-id=\"92\" src=\"https:\/\/fckl.de\/wp-content\/uploads\/2020\/05\/Gereon-R-mer_01.jpg\" alt=\"\" class=\"wp-image-92\"\/><figcaption class=\"wp-element-caption\">Gereon R\u00f6mer an seinem B\u00fcchertisch<\/figcaption><\/figure>\n\n\n\n<figure class=\"wp-block-image size-large\"><img decoding=\"async\" data-id=\"50\" src=\"https:\/\/fckl.de\/wp-content\/uploads\/2020\/05\/DSC_1346_01.jpg\" alt=\"\" class=\"wp-image-50\"\/><figcaption class=\"wp-element-caption\">vlnr: Matthias Hufschmied (VHS), Mitglieder des Fotoclubs und ganz rechts Gereon R\u00f6mer<\/figcaption><\/figure>\n<\/figure>\n\n\n\n<p><\/p>\n\n\n\n<!--nextpage-->\n\n\n\n<p><\/p>\n\n\n\n<p><strong>Freitag 04. November 2016 &#8211; Olaf Kr\u00fcger \u201cInseln des Nordens\u201d<\/strong><\/p>\n\n\n<div class=\"wp-block-image\">\n<figure class=\"aligncenter size-large\"><img decoding=\"async\" src=\"http:\/\/fckl.de\/wp-content\/uploads\/2020\/05\/Inseln_desNordens__FCKL-klein.jpg\" alt=\"\" class=\"wp-image-103\"\/><\/figure>\n<\/div>\n\n\n<p>Olaf Kr\u00fcger und Kirstin Langenberger in Hochform. Beeindruckende Bilder auch zu aktuellen Umwelt- und Klimathemen jedoch ohne drohend erhobenen Zeigefinger.<\/p>\n\n\n\n<p><\/p>\n\n\n\n<p><\/p>\n\n\n\n<p><\/p>\n\n\n\n<p><strong>Freitag 06. November 2015 &#8211; Michael Martin&nbsp;&nbsp; \u201cPlanet W\u00fcste\u201d<\/strong><\/p>\n\n\n\n<figure class=\"wp-block-gallery has-nested-images columns-default is-cropped wp-block-gallery-2 is-layout-flex wp-block-gallery-is-layout-flex\">\n<figure class=\"wp-block-image size-large\"><img decoding=\"async\" data-id=\"122\" src=\"https:\/\/fckl.de\/wp-content\/uploads\/2020\/05\/PlanetWueste_Handzettel_1kk.jpg\" alt=\"\" class=\"wp-image-122\"\/><\/figure>\n\n\n\n<figure class=\"wp-block-image size-large\"><img decoding=\"async\" data-id=\"123\" src=\"https:\/\/fckl.de\/wp-content\/uploads\/2020\/05\/PlanetWueste_Handzettel_2kk.jpg\" alt=\"\" class=\"wp-image-123\"\/><\/figure>\n<\/figure>\n\n\n\n<p>Michael Martin zum Dritten. Und wieder eine komplett ausverkaufte Festhalle. Ein Vortrag der Extraklasse mit Bildern von selten gesehener Brillanz und Ausdruckskraft.<\/p>\n\n\n\n<figure class=\"wp-block-image size-large\"><img decoding=\"async\" src=\"http:\/\/fckl.de\/wp-content\/uploads\/2020\/05\/Kino-Leutkirch.jpg\" alt=\"\" class=\"wp-image-105\"\/><figcaption class=\"wp-element-caption\">das war eine Werbung&#8230;<\/figcaption><\/figure>\n\n\n\n<p>und das war das Ergebnis:<\/p>\n\n\n\n<p>Am Ende des Tages hatten wir eine mit \u00fcber 400 Zuschauern komplett ausgelastete Festhalle, eine 54qm gro\u00dfe Leinwand, 1600 atemberaubende und top-pr\u00e4sentierte Bilder und einen spannend und kurzweilig erz\u00e4hlenden Michael Martin, der sein Publikum zweieinhalb Stunden lang in seinen Bann zog.<\/p>\n\n\n\n<figure class=\"wp-block-image size-large\"><img decoding=\"async\" src=\"http:\/\/fckl.de\/wp-content\/uploads\/2020\/05\/Nachschau-in-wir-in-Leutkirch-k.jpg\" alt=\"\" class=\"wp-image-115\"\/><\/figure>\n\n\n\n<figure class=\"wp-block-image size-large\"><img decoding=\"async\" src=\"http:\/\/fckl.de\/wp-content\/uploads\/2020\/05\/Nachschau-in-wir-in-Leutkirch-2k.jpg\" alt=\"\" class=\"wp-image-114\"\/><figcaption class=\"wp-element-caption\">9. November 2015 www.wir-in-leutkirch.de<\/figcaption><\/figure>\n\n\n\n<p><\/p>\n\n\n\n<!--nextpage-->\n\n\n\n<p><\/p>\n\n\n\n<p><strong><strong>Freitag 07. November 2014 &#8211; Josef Sch\u00e4fer&nbsp;&nbsp; \u201cIsland<\/strong><\/strong>&#8222;<\/p>\n\n\n<div class=\"wp-block-image\">\n<figure class=\"aligncenter size-large\"><img decoding=\"async\" src=\"http:\/\/fckl.de\/wp-content\/uploads\/2020\/05\/img037-k.jpg\" alt=\"\" class=\"wp-image-97\"\/><\/figure>\n<\/div>\n\n\n<p>Atemberaubende Bilder \u00fcber eine Insel voll farblicher und atmosph\u00e4rischer Vielfalt, verbunden mit einem Schu\u00df Abenteuer &#8211; man m\u00f6chte sofort auch dahin.<\/p>\n\n\n\n<p><\/p>\n\n\n\n<p><\/p>\n\n\n\n<p><\/p>\n\n\n\n<p><strong>S<strong>amstag 02. November 2013 &#8211; Dr. Heiko Beyer&nbsp; \u201dIrland&#8220;<\/strong><\/strong><\/p>\n\n\n<div class=\"wp-block-image\">\n<figure class=\"aligncenter size-large\"><img decoding=\"async\" src=\"http:\/\/fckl.de\/wp-content\/uploads\/2020\/05\/Flyer_Irland-A5-1_Mail-2-mini.jpg\" alt=\"\" class=\"wp-image-64\"\/><\/figure>\n<\/div>\n\n\n<p>Die gr\u00fcne Insel in all ihren Facetten.<\/p>\n\n\n\n<p><\/p>\n\n\n\n<p><\/p>\n\n\n\n<p><strong>Freitag 09.11.2012 &#8211; Gabriela St\u00e4bler &#8220; Sehnsucht Savanne&#8220;<\/strong><\/p>\n\n\n<div class=\"wp-block-image\">\n<figure class=\"aligncenter size-large\"><img decoding=\"async\" src=\"http:\/\/fckl.de\/wp-content\/uploads\/2020\/05\/St-bler-Prospekt-mini.jpg\" alt=\"\" class=\"wp-image-146\"\/><\/figure>\n<\/div>\n\n\n<p>So stellen wir uns Afrika vor. Erz\u00e4hlt und fotografiert von einer Fotografin, bei der man die Liebe zu Afrika und seinen Tieren in ihren Bildern&nbsp; f\u00f6rmlich sp\u00fcrt.<\/p>\n\n\n\n<p><\/p>\n\n\n\n<p><\/p>\n\n\n\n<p><\/p>\n\n\n\n<p><strong>Fr<strong>eitag 21.10.2011 &#8211; Michael Fleck&nbsp; \u201cKanada\u201d<\/strong><\/strong><\/p>\n\n\n<div class=\"wp-block-image\">\n<figure class=\"aligncenter size-large\"><img decoding=\"async\" src=\"http:\/\/fckl.de\/wp-content\/uploads\/2020\/05\/Fotoclub-Plakate-Fleck-Kanada-k.jpg\" alt=\"\" class=\"wp-image-84\"\/><\/figure>\n<\/div>\n\n\n<p>Ein herrlicher Blick auf ein Land, dass f\u00fcr grandiose Natur ber\u00fchmt ist und auch sonst einiges zu bieten hat. <\/p>\n\n\n\n<p><\/p>\n\n\n\n<!--nextpage-->\n\n\n\n<p><\/p>\n\n\n\n<p><strong>Freitag 03.12.2010 &#8211; Norbert Rosing<\/strong> &#8211;<strong>\u201cIm Reich der Eisb\u00e4ren\u201d<\/strong> &#8211; <strong>\u201cWildes Deutschland\u201d<\/strong><\/p>\n\n\n<div class=\"wp-block-image\">\n<figure class=\"aligncenter size-large\"><img decoding=\"async\" src=\"http:\/\/fckl.de\/wp-content\/uploads\/2020\/05\/img038-k.jpg\" alt=\"\" class=\"wp-image-98\"\/><\/figure>\n<\/div>\n\n\n<p>Wer h\u00e4tte es gedacht, auch Deutschland hat eine spannende und \u00fcberaus eindrucksvolle Natur. Ein Schmankerl f\u00fcr die Schulkinder der Vortrag am Nachmittag \u00fcber die Eisb\u00e4ren.<\/p>\n\n\n\n<p><\/p>\n\n\n\n<p><\/p>\n\n\n\n<p><\/p>\n\n\n\n<p><strong>M<strong>ittwoch 02.12.2009 &#8211; Michael Martin&nbsp; \u201c30 Jahre Abenteuer<\/strong>&#8222;<\/strong><\/p>\n\n\n<div class=\"wp-block-image\">\n<figure class=\"aligncenter size-large\"><img decoding=\"async\" src=\"http:\/\/fckl.de\/wp-content\/uploads\/2020\/05\/01-Michael-Martin-k.jpg\" alt=\"\" class=\"wp-image-16\"\/><\/figure>\n<\/div>\n\n\n<p>Eine beindruckende \u201cReise\u201d vom jugendlichen Sternengucker \u00fcber abenteuerliche Autoschiebereien nach Afrika zum professionellen, weltweit agierenden und international anerkannten W\u00fcstenfotografen &#8211; that\u00b4s life ! &#8211;<\/p>\n\n\n\n<p><\/p>\n\n\n\n<p><\/p>\n\n\n\n<p><strong><strong>Freitag 06.03.2009 &#8211; Dirk Rohrbach&nbsp;&nbsp; \u201cAmericana\u201d<\/strong><\/strong><\/p>\n\n\n<div class=\"wp-block-image\">\n<figure class=\"aligncenter size-large\"><img decoding=\"async\" src=\"http:\/\/fckl.de\/wp-content\/uploads\/2020\/05\/Fotoclub-Plakate-Rohrbach-k.jpg\" alt=\"\" class=\"wp-image-85\"\/><\/figure>\n<\/div>\n\n\n<p>Der zumeist radelnd reisende und spannend erz\u00e4hlende Radiomoderator.<\/p>\n\n\n\n<p><\/p>\n\n\n\n<p><\/p>\n\n\n\n<p><\/p>\n\n\n\n<p> <strong>Freitag 04.04.2008 &#8211; Josef Sch\u00e4fer&nbsp;&nbsp; \u201cNorwegen\u201d<\/strong><\/p>\n\n\n<div class=\"wp-block-image\">\n<figure class=\"aligncenter size-large\"><img decoding=\"async\" src=\"http:\/\/fckl.de\/wp-content\/uploads\/2020\/05\/norwSC_2858-k.jpg\" alt=\"\" class=\"wp-image-116\"\/><\/figure>\n<\/div>\n\n\n<p>Der letzte Vortrag mit analoger Technik. Trotzdem atemberaubende Bilder, fotografiert auf Mittelformat-Dias.<\/p>\n\n\n\n<p><\/p>\n\n\n\n<!--nextpage-->\n\n\n\n<p><\/p>\n\n\n\n<p><strong><strong>Freitag 09.11.2007 &#8211; Olaf Kr\u00fcger&nbsp;&nbsp;&nbsp; \u201cIsland<\/strong>&#8222;<\/strong><\/p>\n\n\n<div class=\"wp-block-image\">\n<figure class=\"aligncenter size-large\"><img decoding=\"async\" src=\"http:\/\/fckl.de\/wp-content\/uploads\/2020\/05\/islandDSC_2856-k.jpg\" alt=\"\" class=\"wp-image-104\"\/><\/figure>\n<\/div>\n\n\n<p>Die geheimnisvolle Insel aus Feuer und Eis, zieht den Betrachter immer wieder in ihren Bann.<\/p>\n\n\n\n<p><\/p>\n\n\n\n<p><\/p>\n\n\n\n<p> <strong><strong>Samstag 18.11.2006 &#8211; Georg Krumm&nbsp;&nbsp; \u201cHurtigruten\u201d<\/strong><\/strong><\/p>\n\n\n<div class=\"wp-block-image\">\n<figure class=\"aligncenter size-large\"><img decoding=\"async\" src=\"http:\/\/fckl.de\/wp-content\/uploads\/2020\/05\/hurtigDSC_2854-k.jpg\" alt=\"\" class=\"wp-image-96\"\/><\/figure>\n<\/div>\n\n\n<p>Eine stille Seereise entlang der grandiosen K\u00fcsten und Fjorde Norwegens.<\/p>\n\n\n\n<p><\/p>\n\n\n\n<p><\/p>\n\n\n\n<p><\/p>\n\n\n\n<p><strong><strong>Freitag 13.01.2006 &#8211; Hartmut Krinitz&nbsp;&nbsp;&nbsp; \u201cSchottland<\/strong>&#8222;<\/strong><\/p>\n\n\n<div class=\"wp-block-image\">\n<figure class=\"aligncenter size-large\"><img decoding=\"async\" src=\"http:\/\/fckl.de\/wp-content\/uploads\/2020\/05\/Schottland-k.jpg\" alt=\"\" class=\"wp-image-137\"\/><\/figure>\n<\/div>\n\n\n<p>Einf\u00fchlsamer Bericht \u00fcber ein geheimnisvolles Land mit Bildern von selten sch\u00f6nen Lichtstimmungen.<\/p>\n\n\n\n<p><\/p>\n\n\n\n<p><\/p>\n\n\n\n<p><\/p>\n\n\n\n<p><strong><strong>Samstag 26.02.2005 &#8211; Michael Martin&nbsp;&nbsp;&nbsp; \u201cDie W\u00fcsten der Erde\u201d<\/strong><\/strong><\/p>\n\n\n\n<figure class=\"wp-block-image size-large\"><img decoding=\"async\" src=\"http:\/\/fckl.de\/wp-content\/uploads\/2020\/05\/Fotoclub-Plakate-W-sten-der-Erde-k.jpg\" alt=\"\" class=\"wp-image-87\"\/><\/figure>\n\n\n\n<p>Unser Start in der Festhalle beginnt mit einem absoluten Highlight. Die W\u00fcsten der Erde, bereist auf dem Motorrad. Wir mussten Besucher wegen \u00dcberf\u00fcllung der Festhalle wieder wegschicken.<\/p>\n\n\n\n<p><\/p>\n\n\n\n<p><\/p>\n\n\n\n<p><strong>S<strong>onntag 19.01.2003 &#8211; Norbert Rosing&nbsp; \u201cIm Reich des Polarb\u00e4ren<\/strong>&#8222;<\/strong><\/p>\n\n\n\n<figure class=\"wp-block-image size-large\"><img decoding=\"async\" src=\"http:\/\/fckl.de\/wp-content\/uploads\/2020\/05\/Fotoclub-Plakate-Rosing-2003-k.jpg\" alt=\"\" class=\"wp-image-86\"\/><\/figure>\n\n\n\n<p>Unser erster &#8211; damals noch Diavortrag &#8211; im Centraltheater Leutkirch mit dem durch seine Eisb\u00e4renbilder bekannt gewordenen Naturfotografen Norbert Rosing (Mister Polar-Bear).<\/p>\n\n\n\n<p>Viele weitere Vortr\u00e4ge sollten folgen, diese dann bereits in der Festhalle Leutkirch<\/p>\n","protected":false},"excerpt":{"rendered":"<p>Freitag, 07.11.2025 &#8211; Dirk und Aneta Bleyer &#8211; S\u00fcdafrika Erneut besuchen uns Aneta und Dirk Bleyer. In diesem Jahr nehmen Sie uns mit auf eine atemberaubende Fotosafari nach S\u00fcdafrika. Mehr&hellip;<\/p>\n","protected":false},"author":1,"featured_media":0,"parent":0,"menu_order":0,"comment_status":"closed","ping_status":"closed","template":"","meta":{"_eb_attr":"","ngg_post_thumbnail":0,"footnotes":""},"class_list":["post-269","page","type-page","status-publish","hentry"],"_links":{"self":[{"href":"https:\/\/fckl.de\/index.php?rest_route=\/wp\/v2\/pages\/269","targetHints":{"allow":["GET"]}}],"collection":[{"href":"https:\/\/fckl.de\/index.php?rest_route=\/wp\/v2\/pages"}],"about":[{"href":"https:\/\/fckl.de\/index.php?rest_route=\/wp\/v2\/types\/page"}],"author":[{"embeddable":true,"href":"https:\/\/fckl.de\/index.php?rest_route=\/wp\/v2\/users\/1"}],"replies":[{"embeddable":true,"href":"https:\/\/fckl.de\/index.php?rest_route=%2Fwp%2Fv2%2Fcomments&post=269"}],"version-history":[{"count":13,"href":"https:\/\/fckl.de\/index.php?rest_route=\/wp\/v2\/pages\/269\/revisions"}],"predecessor-version":[{"id":8254,"href":"https:\/\/fckl.de\/index.php?rest_route=\/wp\/v2\/pages\/269\/revisions\/8254"}],"wp:attachment":[{"href":"https:\/\/fckl.de\/index.php?rest_route=%2Fwp%2Fv2%2Fmedia&parent=269"}],"curies":[{"name":"wp","href":"https:\/\/api.w.org\/{rel}","templated":true}]}}